{"id":6,"date":"2019-07-09T08:58:44","date_gmt":"2019-07-09T08:58:44","guid":{"rendered":"https:\/\/themes.muffingroup.com\/be\/architect5\/?page_id=6"},"modified":"2024-02-15T15:57:19","modified_gmt":"2024-02-15T15:57:19","slug":"prointel-el-salvador","status":"publish","type":"page","link":"https:\/\/prointelseguros.com\/elsalvador\/","title":{"rendered":"PROINTEL EL SALVADOR"},"content":{"rendered":"\n<h2 class=\"wp-block-heading\">Asesor\u00eda y cobertura regional de Seguros en Guatemala<\/h2>\n\n\n\n<p>Asesor\u00eda y cobertura regional de Seguros en Guatemala y toda Am\u00e9rica. Integraci\u00f3n de coberturas que brindan la protecci\u00f3n m\u00e1s efectiva.<\/p>\n\n\n\n<p><a href=\"https:\/\/prointelseguros.com\/elsalvador\/contacto\/\">Cont\u00e1ctanos<\/a><\/p>\n\n\n\n<h4 class=\"wp-block-heading\">Protegiendo<br>tu&nbsp;<strong>familia<\/strong><\/h4>\n\n\n\n<h4 class=\"wp-block-heading\">La mayor cobertura, atenci\u00f3n integral, servicio y acceso a todos los beneficios que t\u00fa y tu familia necesitan dentro y fuera del pa\u00eds.<\/h4>\n\n\n\n<h4 class=\"wp-block-heading\">Protegiendo<br>tu&nbsp;<strong>negocio<\/strong><\/h4>\n\n\n\n<h4 class=\"wp-block-heading\">Integraci\u00f3n de coberturas de diferentes ramos, que brindan la protecci\u00f3n m\u00e1s efectiva contra el mayor n\u00famero de riesgos.<\/h4>\n\n\n\n<h4 class=\"wp-block-heading\">Protegiendo<br>tu&nbsp;<strong>vivienda<\/strong><\/h4>\n\n\n\n<h4 class=\"wp-block-heading\">Indemniza da\u00f1os a la construcci\u00f3n y contenido de casas de habitaci\u00f3n, industria y comercios en caso de Incendio y\/o Terremoto.<\/h4>\n\n\n\n<h4 class=\"wp-block-heading\">Protegiendo<br>tu&nbsp;<strong>veh\u00edculo<\/strong><\/h4>\n\n\n\n<h4 class=\"wp-block-heading\">Al asegurar tu veh\u00edculo contar\u00e1s con la mejor protecci\u00f3n en carreteras y caminos con el respaldo de las mejores aseguradoras.<\/h4>\n\n\n\n<p><\/p>\n\n\n\n<h3 class=\"wp-block-heading\">Asesor\u00eda y cobertura regional de Seguros en Guatemala<\/h3>\n\n\n\n<h3 class=\"wp-block-heading\"><strong>Nuestros<\/strong>&nbsp;Aliados<\/h3>\n\n\n\n<figure class=\"wp-block-image\"><img decoding=\"async\" src=\"https:\/\/prointelseguros.com\/elsalvador\/wp-content\/uploads\/2022\/04\/01-BAM-B.png\" alt=\"\"\/><\/figure>\n\n\n\n<figure class=\"wp-block-image\"><img decoding=\"async\" src=\"https:\/\/prointelseguros.com\/elsalvador\/wp-content\/uploads\/2022\/04\/02-el-roble-B.png\" alt=\"\"\/><\/figure>\n\n\n\n<figure class=\"wp-block-image\"><img decoding=\"async\" src=\"https:\/\/prointelseguros.com\/elsalvador\/wp-content\/uploads\/2022\/04\/03-gt-B.png\" alt=\"\"\/><\/figure>\n\n\n\n<figure class=\"wp-block-image\"><img decoding=\"async\" src=\"https:\/\/prointelseguros.com\/elsalvador\/wp-content\/uploads\/2022\/04\/04-universales-B.png\" alt=\"\"\/><\/figure>\n\n\n\n<figure class=\"wp-block-image\"><img decoding=\"async\" src=\"https:\/\/prointelseguros.com\/elsalvador\/wp-content\/uploads\/2022\/05\/Logos-18-ASSA.png\" alt=\"\"\/><\/figure>\n\n\n\n<figure class=\"wp-block-image\"><img decoding=\"async\" src=\"https:\/\/prointelseguros.com\/elsalvador\/wp-content\/uploads\/2022\/04\/06-panmerica-B.png\" alt=\"\"\/><\/figure>\n\n\n\n<figure class=\"wp-block-image\"><img decoding=\"async\" src=\"https:\/\/prointelseguros.com\/elsalvador\/wp-content\/uploads\/2022\/04\/07-aseguradorageneral-B.png\" alt=\"\"\/><\/figure>\n\n\n\n<figure class=\"wp-block-image\"><img decoding=\"async\" src=\"https:\/\/prointelseguros.com\/elsalvador\/wp-content\/uploads\/2022\/04\/08-laceiba-B.png\" alt=\"\"\/><\/figure>\n\n\n\n<figure class=\"wp-block-image\"><img decoding=\"async\" src=\"https:\/\/prointelseguros.com\/elsalvador\/wp-content\/uploads\/2022\/04\/09-mbi-B.png\" alt=\"\"\/><\/figure>\n\n\n\n<figure class=\"wp-block-image\"><img decoding=\"async\" src=\"https:\/\/prointelseguros.com\/elsalvador\/wp-content\/uploads\/2022\/04\/10-bupa-B.png\" alt=\"\"\/><\/figure>\n\n\n\n<figure class=\"wp-block-image\"><img decoding=\"async\" src=\"https:\/\/prointelseguros.com\/elsalvador\/wp-content\/uploads\/2022\/04\/11-mapfre-B.png\" alt=\"\"\/><\/figure>\n\n\n\n<figure class=\"wp-block-image\"><img decoding=\"async\" src=\"https:\/\/prointelseguros.com\/elsalvador\/wp-content\/uploads\/2022\/05\/Logos-19-FICOHSA.png\" alt=\"\"\/><\/figure>\n\n\n\n<figure class=\"wp-block-image\"><img decoding=\"async\" src=\"https:\/\/prointelseguros.com\/elsalvador\/wp-content\/uploads\/2022\/05\/Logos-20-CONFio.png\" alt=\"\"\/><\/figure>\n\n\n\n<figure class=\"wp-block-image\"><img decoding=\"async\" src=\"https:\/\/prointelseguros.com\/elsalvador\/wp-content\/uploads\/2022\/04\/14-bancochn-B.png\" alt=\"\"\/><\/figure>\n\n\n\n<h3 class=\"wp-block-heading\">Asesor\u00eda y cobertura<br>regional&nbsp;realmente<br>unificada en<br>toda Am\u00e9rica.<\/h3>\n\n\n\n<figure class=\"wp-block-image\"><img decoding=\"async\" src=\"https:\/\/prointelseguros.com\/elsalvador\/wp-content\/uploads\/2022\/04\/Recurso-2.png\" alt=\"Recurso 2\" title=\"\"\/><\/figure>\n\n\n\n<hr class=\"wp-block-separator has-alpha-channel-opacity\"\/>\n\n\n\n<h4 class=\"wp-block-heading\">Somos una compa\u00f1\u00eda flexible y eficaz que innova constantemente para dar el mejor servicio<\/h4>\n\n\n\n<ul class=\"wp-block-list\">\n<li>GUATEMALA<\/li>\n\n\n\n<li>EL SALVADOR<\/li>\n\n\n\n<li>HONDURAS<\/li>\n\n\n\n<li>COSTA RICA<\/li>\n\n\n\n<li>NICARAGUA<\/li>\n\n\n\n<li>PANAM\u00c1<\/li>\n\n\n\n<li>M\u00c9XICO<\/li>\n\n\n\n<li>REP\u00daBLICA DOMINICANA<\/li>\n\n\n\n<li>REP\u00daBLICA DOMINICANA<\/li>\n\n\n\n<li>LATAM<\/li>\n<\/ul>\n\n\n\n<p>Asesor\u00eda y cobertura regional de Seguros en Guatemala<\/p>\n\n\n\n<h3 class=\"wp-block-heading\">Productos<\/h3>\n\n\n\n<p><a href=\"https:\/\/prointelseguros.com\/elsalvador\/productos\/#personas\"><\/a><\/p>\n\n\n\n<h5 class=\"wp-block-heading\"><a href=\"https:\/\/prointelseguros.com\/elsalvador\/productos\/#personas\">Personas<\/a><\/h5>\n\n\n\n<p><a href=\"https:\/\/prointelseguros.com\/elsalvador\/productos\/#empresas\"><\/a><\/p>\n\n\n\n<h5 class=\"wp-block-heading\"><a href=\"https:\/\/prointelseguros.com\/elsalvador\/productos\/#empresas\">Empresas<\/a><\/h5>\n\n\n\n<hr class=\"wp-block-separator has-alpha-channel-opacity\"\/>\n\n\n\n<p><a href=\"https:\/\/prointelseguros.com\/elsalvador\/portfolio-item\/seguro-de-vehiculos\/\" class=\"\"><\/a><\/p>\n\n\n\n<p><a href=\"https:\/\/prointelseguros.com\/elsalvador\/portfolio-item\/seguro-de-vehiculos\/\" class=\"\"><\/a><\/p>\n\n\n\n<hr class=\"wp-block-separator has-alpha-channel-opacity\"\/>\n\n\n\n<h5 class=\"wp-block-heading\"><a href=\"https:\/\/prointelseguros.com\/elsalvador\/portfolio-item\/seguro-de-vehiculos\/\" class=\"\">Seguro<br>de Veh\u00edculos<\/a><\/h5>\n\n\n\n<p><a href=\"https:\/\/prointelseguros.com\/elsalvador\/portfolio-item\/seguro-de-gastos-medicos-individual\/\" class=\"\"><\/a><\/p>\n\n\n\n<p><a href=\"https:\/\/prointelseguros.com\/elsalvador\/portfolio-item\/seguro-de-gastos-medicos-individual\/\" class=\"\"><\/a><\/p>\n\n\n\n<hr class=\"wp-block-separator has-alpha-channel-opacity\"\/>\n\n\n\n<h5 class=\"wp-block-heading\"><a href=\"https:\/\/prointelseguros.com\/elsalvador\/portfolio-item\/seguro-de-gastos-medicos-individual\/\" class=\"\">Gastos M\u00e9dicos<br>Individuales<\/a><\/h5>\n\n\n\n<p><a href=\"https:\/\/prointelseguros.com\/elsalvador\/portfolio-item\/seguro-de-aeronaves\/\" class=\"\"><\/a><\/p>\n\n\n\n<p><a href=\"https:\/\/prointelseguros.com\/elsalvador\/portfolio-item\/seguro-de-aeronaves\/\" class=\"\"><\/a><\/p>\n\n\n\n<hr class=\"wp-block-separator has-alpha-channel-opacity\"\/>\n\n\n\n<h5 class=\"wp-block-heading\"><a href=\"https:\/\/prointelseguros.com\/elsalvador\/portfolio-item\/seguro-de-aeronaves\/\" class=\"\">Seguro de<br>Aeronaves<\/a><\/h5>\n\n\n\n<p><a href=\"https:\/\/prointelseguros.com\/elsalvador\/portfolio-item\/seguros-de-caucion-fianza\/\" class=\"\"><\/a><\/p>\n\n\n\n<p><a href=\"https:\/\/prointelseguros.com\/elsalvador\/portfolio-item\/seguros-de-caucion-fianza\/\" class=\"\"><\/a><\/p>\n\n\n\n<hr class=\"wp-block-separator has-alpha-channel-opacity\"\/>\n\n\n\n<h5 class=\"wp-block-heading\"><a href=\"https:\/\/prointelseguros.com\/elsalvador\/portfolio-item\/seguros-de-caucion-fianza\/\" class=\"\">Seguro de Cauci\u00f3n<br>(Finanzas)<\/a><\/h5>\n\n\n\n<p><a href=\"https:\/\/prointelseguros.com\/elsalvador\/portfolio-item\/seguros-de-vida\/\" class=\"\"><\/a><\/p>\n\n\n\n<p><a href=\"https:\/\/prointelseguros.com\/elsalvador\/portfolio-item\/seguros-de-vida\/\" class=\"\"><\/a><\/p>\n\n\n\n<hr class=\"wp-block-separator has-alpha-channel-opacity\"\/>\n\n\n\n<h5 class=\"wp-block-heading\"><a href=\"https:\/\/prointelseguros.com\/elsalvador\/portfolio-item\/seguros-de-vida\/\" class=\"\">Seguro<br>de Vida<\/a><\/h5>\n\n\n\n<hr class=\"wp-block-separator has-alpha-channel-opacity\"\/>\n\n\n\n<p><a href=\"https:\/\/prointelseguros.com\/elsalvador\/portfolio-item\/seguros-empresariales\/\" class=\"\"><\/a><\/p>\n\n\n\n<p><a href=\"https:\/\/prointelseguros.com\/elsalvador\/portfolio-item\/seguros-empresariales\/\" class=\"\"><\/a><\/p>\n\n\n\n<hr class=\"wp-block-separator has-alpha-channel-opacity\"\/>\n\n\n\n<h5 class=\"wp-block-heading\"><a href=\"https:\/\/prointelseguros.com\/elsalvador\/portfolio-item\/seguros-empresariales\/\" class=\"\">Seguros<br>Empresariales<\/a><\/h5>\n\n\n\n<p><a href=\"https:\/\/prointelseguros.com\/elsalvador\/portfolio-item\/seguro-colectivos-vida-mastos-medicos\/\" class=\"\"><\/a><\/p>\n\n\n\n<p><a href=\"https:\/\/prointelseguros.com\/elsalvador\/portfolio-item\/seguro-colectivos-vida-mastos-medicos\/\" class=\"\"><\/a><\/p>\n\n\n\n<hr class=\"wp-block-separator has-alpha-channel-opacity\"\/>\n\n\n\n<h5 class=\"wp-block-heading\"><a href=\"https:\/\/prointelseguros.com\/elsalvador\/portfolio-item\/seguro-colectivos-vida-mastos-medicos\/\" class=\"\">Seguro Colectivo<br>y Gastos M\u00e9dicos<\/a><\/h5>\n\n\n\n<p><a href=\"https:\/\/prointelseguros.com\/elsalvador\/portfolio-item\/seguro-incendio-para-vivienda-empresa\/\" class=\"\"><\/a><\/p>\n\n\n\n<p><a href=\"https:\/\/prointelseguros.com\/elsalvador\/portfolio-item\/seguro-incendio-para-vivienda-empresa\/\" class=\"\"><\/a><\/p>\n\n\n\n<hr class=\"wp-block-separator has-alpha-channel-opacity\"\/>\n\n\n\n<h5 class=\"wp-block-heading\"><a href=\"https:\/\/prointelseguros.com\/elsalvador\/portfolio-item\/seguro-incendio-para-vivienda-empresa\/\" class=\"\">Seguro de Incendio<br>Vivienda\/Empresa<\/a><\/h5>\n\n\n\n<p><a href=\"https:\/\/prointelseguros.com\/elsalvador\/portfolio-item\/seguro-de-transporte\/\" class=\"\"><\/a><\/p>\n\n\n\n<p><a href=\"https:\/\/prointelseguros.com\/elsalvador\/portfolio-item\/seguro-de-transporte\/\" class=\"\"><\/a><\/p>\n\n\n\n<hr class=\"wp-block-separator has-alpha-channel-opacity\"\/>\n\n\n\n<h5 class=\"wp-block-heading\"><a href=\"https:\/\/prointelseguros.com\/elsalvador\/portfolio-item\/seguro-de-transporte\/\" class=\"\">Seguro de<br>Transporte<\/a><\/h5>\n\n\n\n<p><a href=\"https:\/\/prointelseguros.com\/elsalvador\/portfolio-item\/generacion-de-energia\/\" class=\"\"><\/a><\/p>\n\n\n\n<p><a href=\"https:\/\/prointelseguros.com\/elsalvador\/portfolio-item\/generacion-de-energia\/\" class=\"\"><\/a><\/p>\n\n\n\n<hr class=\"wp-block-separator has-alpha-channel-opacity\"\/>\n\n\n\n<h5 class=\"wp-block-heading\"><a href=\"https:\/\/prointelseguros.com\/elsalvador\/portfolio-item\/generacion-de-energia\/\" class=\"\">Generaci\u00f3n<br>de Energ\u00eda<\/a><\/h5>\n\n\n\n<hr class=\"wp-block-separator has-alpha-channel-opacity\"\/>\n\n\n\n<p><a href=\"https:\/\/prointelseguros.com\/elsalvador\/portfolio-item\/todo-riesgo-de-construccion\/\" class=\"\"><\/a><\/p>\n\n\n\n<p><a href=\"https:\/\/prointelseguros.com\/elsalvador\/portfolio-item\/todo-riesgo-de-construccion\/\" class=\"\"><\/a><\/p>\n\n\n\n<hr class=\"wp-block-separator has-alpha-channel-opacity\"\/>\n\n\n\n<h5 class=\"wp-block-heading\"><a href=\"https:\/\/prointelseguros.com\/elsalvador\/portfolio-item\/todo-riesgo-de-construccion\/\" class=\"\">Seguro Todo Riesgo<br>de Construcci\u00f3n<\/a><\/h5>\n\n\n\n<p><a href=\"https:\/\/prointelseguros.com\/elsalvador\/portfolio-item\/seguro-equipo-maquinaria-contratistas\/\" class=\"\"><\/a><\/p>\n\n\n\n<p><a href=\"https:\/\/prointelseguros.com\/elsalvador\/portfolio-item\/seguro-equipo-maquinaria-contratistas\/\" class=\"\"><\/a><\/p>\n\n\n\n<hr class=\"wp-block-separator has-alpha-channel-opacity\"\/>\n\n\n\n<h5 class=\"wp-block-heading\"><a href=\"https:\/\/prointelseguros.com\/elsalvador\/portfolio-item\/seguro-equipo-maquinaria-contratistas\/\" class=\"\">Equipo y Maquinaria<br>Contratista<\/a><\/h5>\n\n\n\n<p><a href=\"https:\/\/prointelseguros.com\/elsalvador\/portfolio-item\/flotas-vehiculos-operaciones-logisticas\/\" class=\"\"><\/a><\/p>\n\n\n\n<p><a href=\"https:\/\/prointelseguros.com\/elsalvador\/portfolio-item\/flotas-vehiculos-operaciones-logisticas\/\" class=\"\"><\/a><\/p>\n\n\n\n<hr class=\"wp-block-separator has-alpha-channel-opacity\"\/>\n\n\n\n<h5 class=\"wp-block-heading\"><a href=\"https:\/\/prointelseguros.com\/elsalvador\/portfolio-item\/flotas-vehiculos-operaciones-logisticas\/\" class=\"\">Flotas y Operaciones<br>Log\u00edsticas<\/a><\/h5>\n\n\n\n<p><a href=\"https:\/\/prointelseguros.com\/elsalvador\/portfolio-item\/seguro-de-embarcaciones\/\" class=\"\"><\/a><\/p>\n\n\n\n<p><a href=\"https:\/\/prointelseguros.com\/elsalvador\/portfolio-item\/seguro-de-embarcaciones\/\" class=\"\"><\/a><\/p>\n\n\n\n<hr class=\"wp-block-separator has-alpha-channel-opacity\"\/>\n\n\n\n<h5 class=\"wp-block-heading\"><a href=\"https:\/\/prointelseguros.com\/elsalvador\/portfolio-item\/seguro-de-embarcaciones\/\" class=\"\">Seguro de<br>Embarcaciones<\/a><\/h5>\n\n\n\n<p><a href=\"https:\/\/prointelseguros.com\/elsalvador\/portfolio-item\/todo-riesgo-de-montaje\/\" class=\"\"><\/a><\/p>\n\n\n\n<p><a href=\"https:\/\/prointelseguros.com\/elsalvador\/portfolio-item\/todo-riesgo-de-montaje\/\" class=\"\"><\/a><\/p>\n\n\n\n<hr class=\"wp-block-separator has-alpha-channel-opacity\"\/>\n\n\n\n<h5 class=\"wp-block-heading\"><a href=\"https:\/\/prointelseguros.com\/elsalvador\/portfolio-item\/todo-riesgo-de-montaje\/\" class=\"\">Seguro Todo Riesgo<br>de Montaje<\/a><\/h5>\n\n\n\n<figure class=\"wp-block-image\"><img decoding=\"async\" src=\"https:\/\/prointelseguros.com\/elsalvador\/wp-content\/uploads\/2022\/04\/icono-izquierdo.png\" alt=\"icono-izquierdo\" title=\"\"\/><\/figure>\n\n\n\n<h3 class=\"wp-block-heading\"><strong>Claridad y confianza<\/strong>&nbsp;para tomar las mejores decisiones<\/h3>\n\n\n\n<hr class=\"wp-block-separator has-alpha-channel-opacity\"\/>\n\n\n\n<p><a href=\"https:\/\/prointelseguros.com\/elsalvador\/contacto\/\"><\/a><\/p>\n\n\n\n<h5 class=\"wp-block-heading\"><a href=\"https:\/\/prointelseguros.com\/elsalvador\/contacto\/\">QUIERO COTIZAR MI SEGURO<\/a><\/h5>\n\n\n\n<p><\/p>\n\n\n\n<h4 class=\"wp-block-heading\">Protegiendo<br>tu&nbsp;<strong>familia<\/strong><\/h4>\n\n\n\n<h4 class=\"wp-block-heading\">La mayor cobertura, atenci\u00f3n integral, servicio y acceso a todos los beneficios que t\u00fa y tu familia necesitan dentro y fuera del pa\u00eds.<\/h4>\n\n\n\n<h4 class=\"wp-block-heading\">Protegiendo<br>tu&nbsp;<strong>negocio<\/strong><\/h4>\n\n\n\n<h4 class=\"wp-block-heading\">Integraci\u00f3n de coberturas de diferentes ramos, que brindan la protecci\u00f3n m\u00e1s efectiva contra el mayor n\u00famero de riesgos.<\/h4>\n\n\n\n<h4 class=\"wp-block-heading\">Protegiendo<br>tu&nbsp;<strong>vivienda<\/strong><\/h4>\n\n\n\n<h4 class=\"wp-block-heading\">Indemniza da\u00f1os a la construcci\u00f3n y contenido de casas de habitaci\u00f3n, industria y comercios en caso de Incendio y\/o Terremoto.<\/h4>\n\n\n\n<h4 class=\"wp-block-heading\">Protegiendo<br>tu&nbsp;<strong>veh\u00edculo<\/strong><\/h4>\n\n\n\n<h4 class=\"wp-block-heading\">Al asegurar tu veh\u00edculo contar\u00e1s con la mejor protecci\u00f3n en carreteras y caminos con el respaldo de las mejores aseguradoras.<\/h4>\n","protected":false},"excerpt":{"rendered":"<p>Asesor\u00eda y cobertura regional de Seguros en Guatemala Asesor\u00eda y cobertura regional de Seguros en Guatemala y toda Am\u00e9rica. Integraci\u00f3n de coberturas que brindan la protecci\u00f3n<span class=\"excerpt-hellip\"> [\u2026]<\/span><\/p>\n","protected":false},"author":3,"featured_media":0,"parent":0,"menu_order":0,"comment_status":"closed","ping_status":"closed","template":"","meta":{"footnotes":""},"class_list":["post-6","page","type-page","status-publish","hentry"],"yoast_head":"<!-- This site is optimized with the Yoast SEO plugin v21.6 - https:\/\/yoast.com\/wordpress\/plugins\/seo\/ -->\n<title>Asesor\u00eda y cobertura regional de Seguros en Guatemala | Prointel<\/title>\n<meta name=\"description\" content=\"Asesor\u00eda y cobertura regional de Seguros en Guatemala y toda Am\u00e9rica. Integraci\u00f3n de coberturas que brindan la protecci\u00f3n m\u00e1s efectiva.\" \/>\n<meta name=\"robots\" content=\"index, follow, max-snippet:-1, max-image-preview:large, max-video-preview:-1\" \/>\n<link rel=\"canonical\" href=\"https:\/\/prointelseguros.com\/elsalvador\/\" \/>\n<meta property=\"og:locale\" content=\"es_ES\" \/>\n<meta property=\"og:type\" content=\"article\" \/>\n<meta property=\"og:title\" content=\"Asesor\u00eda y cobertura regional de Seguros en Guatemala | Prointel\" \/>\n<meta property=\"og:description\" content=\"Asesor\u00eda y cobertura regional de Seguros en Guatemala y toda Am\u00e9rica. Integraci\u00f3n de coberturas que brindan la protecci\u00f3n m\u00e1s efectiva.\" \/>\n<meta property=\"og:url\" content=\"https:\/\/prointelseguros.com\/elsalvador\/\" \/>\n<meta property=\"og:site_name\" content=\"PROINTEL El Salvador\" \/>\n<meta property=\"article:publisher\" content=\"https:\/\/www.facebook.com\/prointelseguros\" \/>\n<meta property=\"article:modified_time\" content=\"2024-02-15T15:57:19+00:00\" \/>\n<meta property=\"og:image\" content=\"https:\/\/prointelseguros.com\/elsalvador\/wp-content\/uploads\/2022\/04\/01-BAM-B.png\" \/>\n<meta name=\"twitter:card\" content=\"summary_large_image\" \/>\n<meta name=\"twitter:label1\" content=\"Tiempo de lectura\" \/>\n\t<meta name=\"twitter:data1\" content=\"5 minutos\" \/>\n<script type=\"application\/ld+json\" class=\"yoast-schema-graph\">{\"@context\":\"https:\/\/schema.org\",\"@graph\":[{\"@type\":\"WebPage\",\"@id\":\"https:\/\/prointelseguros.com\/elsalvador\/\",\"url\":\"https:\/\/prointelseguros.com\/elsalvador\/\",\"name\":\"Asesor\u00eda y cobertura regional de Seguros en Guatemala | Prointel\",\"isPartOf\":{\"@id\":\"https:\/\/prointelseguros.com\/elsalvador\/#website\"},\"datePublished\":\"2019-07-09T08:58:44+00:00\",\"dateModified\":\"2024-02-15T15:57:19+00:00\",\"description\":\"Asesor\u00eda y cobertura regional de Seguros en Guatemala y toda Am\u00e9rica. Integraci\u00f3n de coberturas que brindan la protecci\u00f3n m\u00e1s efectiva.\",\"breadcrumb\":{\"@id\":\"https:\/\/prointelseguros.com\/elsalvador\/#breadcrumb\"},\"inLanguage\":\"es\",\"potentialAction\":[{\"@type\":\"ReadAction\",\"target\":[\"https:\/\/prointelseguros.com\/elsalvador\/\"]}]},{\"@type\":\"BreadcrumbList\",\"@id\":\"https:\/\/prointelseguros.com\/elsalvador\/#breadcrumb\",\"itemListElement\":[{\"@type\":\"ListItem\",\"position\":1,\"name\":\"Portada\",\"item\":\"https:\/\/prointelseguros.com\/elsalvador\/\"},{\"@type\":\"ListItem\",\"position\":2,\"name\":\"PROINTEL EL SALVADOR\"}]},{\"@type\":\"WebSite\",\"@id\":\"https:\/\/prointelseguros.com\/elsalvador\/#website\",\"url\":\"https:\/\/prointelseguros.com\/elsalvador\/\",\"name\":\"PROINTEL Guatemala\",\"description\":\"Corredor de Seguros\",\"publisher\":{\"@id\":\"https:\/\/prointelseguros.com\/elsalvador\/#organization\"},\"potentialAction\":[{\"@type\":\"SearchAction\",\"target\":{\"@type\":\"EntryPoint\",\"urlTemplate\":\"https:\/\/prointelseguros.com\/elsalvador\/?s={search_term_string}\"},\"query-input\":\"required name=search_term_string\"}],\"inLanguage\":\"es\"},{\"@type\":\"Organization\",\"@id\":\"https:\/\/prointelseguros.com\/elsalvador\/#organization\",\"name\":\"PROINTEL Guatemala\",\"url\":\"https:\/\/prointelseguros.com\/elsalvador\/\",\"logo\":{\"@type\":\"ImageObject\",\"inLanguage\":\"es\",\"@id\":\"https:\/\/prointelseguros.com\/elsalvador\/#\/schema\/logo\/image\/\",\"url\":\"https:\/\/prointelseguros.com\/elsalvador\/wp-content\/uploads\/2023\/05\/PROINTEL-500.png\",\"contentUrl\":\"https:\/\/prointelseguros.com\/elsalvador\/wp-content\/uploads\/2023\/05\/PROINTEL-500.png\",\"width\":501,\"height\":227,\"caption\":\"PROINTEL Guatemala\"},\"image\":{\"@id\":\"https:\/\/prointelseguros.com\/elsalvador\/#\/schema\/logo\/image\/\"},\"sameAs\":[\"https:\/\/www.facebook.com\/prointelseguros\",\"https:\/\/www.linkedin.com\/company\/prointelcorredordeseguros\/\",\"https:\/\/www.instagram.com\/prointel\/\"]}]}<\/script>\n<!-- \/ Yoast SEO plugin. -->","yoast_head_json":{"title":"Asesor\u00eda y cobertura regional de Seguros en Guatemala | Prointel","description":"Asesor\u00eda y cobertura regional de Seguros en Guatemala y toda Am\u00e9rica. Integraci\u00f3n de coberturas que brindan la protecci\u00f3n m\u00e1s efectiva.","robots":{"index":"index","follow":"follow","max-snippet":"max-snippet:-1","max-image-preview":"max-image-preview:large","max-video-preview":"max-video-preview:-1"},"canonical":"https:\/\/prointelseguros.com\/elsalvador\/","og_locale":"es_ES","og_type":"article","og_title":"Asesor\u00eda y cobertura regional de Seguros en Guatemala | Prointel","og_description":"Asesor\u00eda y cobertura regional de Seguros en Guatemala y toda Am\u00e9rica. Integraci\u00f3n de coberturas que brindan la protecci\u00f3n m\u00e1s efectiva.","og_url":"https:\/\/prointelseguros.com\/elsalvador\/","og_site_name":"PROINTEL El Salvador","article_publisher":"https:\/\/www.facebook.com\/prointelseguros","article_modified_time":"2024-02-15T15:57:19+00:00","og_image":[{"url":"https:\/\/prointelseguros.com\/elsalvador\/wp-content\/uploads\/2022\/04\/01-BAM-B.png"}],"twitter_card":"summary_large_image","twitter_misc":{"Tiempo de lectura":"5 minutos"},"schema":{"@context":"https:\/\/schema.org","@graph":[{"@type":"WebPage","@id":"https:\/\/prointelseguros.com\/elsalvador\/","url":"https:\/\/prointelseguros.com\/elsalvador\/","name":"Asesor\u00eda y cobertura regional de Seguros en Guatemala | Prointel","isPartOf":{"@id":"https:\/\/prointelseguros.com\/elsalvador\/#website"},"datePublished":"2019-07-09T08:58:44+00:00","dateModified":"2024-02-15T15:57:19+00:00","description":"Asesor\u00eda y cobertura regional de Seguros en Guatemala y toda Am\u00e9rica. Integraci\u00f3n de coberturas que brindan la protecci\u00f3n m\u00e1s efectiva.","breadcrumb":{"@id":"https:\/\/prointelseguros.com\/elsalvador\/#breadcrumb"},"inLanguage":"es","potentialAction":[{"@type":"ReadAction","target":["https:\/\/prointelseguros.com\/elsalvador\/"]}]},{"@type":"BreadcrumbList","@id":"https:\/\/prointelseguros.com\/elsalvador\/#breadcrumb","itemListElement":[{"@type":"ListItem","position":1,"name":"Portada","item":"https:\/\/prointelseguros.com\/elsalvador\/"},{"@type":"ListItem","position":2,"name":"PROINTEL EL SALVADOR"}]},{"@type":"WebSite","@id":"https:\/\/prointelseguros.com\/elsalvador\/#website","url":"https:\/\/prointelseguros.com\/elsalvador\/","name":"PROINTEL Guatemala","description":"Corredor de Seguros","publisher":{"@id":"https:\/\/prointelseguros.com\/elsalvador\/#organization"},"potentialAction":[{"@type":"SearchAction","target":{"@type":"EntryPoint","urlTemplate":"https:\/\/prointelseguros.com\/elsalvador\/?s={search_term_string}"},"query-input":"required name=search_term_string"}],"inLanguage":"es"},{"@type":"Organization","@id":"https:\/\/prointelseguros.com\/elsalvador\/#organization","name":"PROINTEL Guatemala","url":"https:\/\/prointelseguros.com\/elsalvador\/","logo":{"@type":"ImageObject","inLanguage":"es","@id":"https:\/\/prointelseguros.com\/elsalvador\/#\/schema\/logo\/image\/","url":"https:\/\/prointelseguros.com\/elsalvador\/wp-content\/uploads\/2023\/05\/PROINTEL-500.png","contentUrl":"https:\/\/prointelseguros.com\/elsalvador\/wp-content\/uploads\/2023\/05\/PROINTEL-500.png","width":501,"height":227,"caption":"PROINTEL Guatemala"},"image":{"@id":"https:\/\/prointelseguros.com\/elsalvador\/#\/schema\/logo\/image\/"},"sameAs":["https:\/\/www.facebook.com\/prointelseguros","https:\/\/www.linkedin.com\/company\/prointelcorredordeseguros\/","https:\/\/www.instagram.com\/prointel\/"]}]}},"_links":{"self":[{"href":"https:\/\/prointelseguros.com\/elsalvador\/wp-json\/wp\/v2\/pages\/6","targetHints":{"allow":["GET"]}}],"collection":[{"href":"https:\/\/prointelseguros.com\/elsalvador\/wp-json\/wp\/v2\/pages"}],"about":[{"href":"https:\/\/prointelseguros.com\/elsalvador\/wp-json\/wp\/v2\/types\/page"}],"author":[{"embeddable":true,"href":"https:\/\/prointelseguros.com\/elsalvador\/wp-json\/wp\/v2\/users\/3"}],"replies":[{"embeddable":true,"href":"https:\/\/prointelseguros.com\/elsalvador\/wp-json\/wp\/v2\/comments?post=6"}],"version-history":[{"count":11,"href":"https:\/\/prointelseguros.com\/elsalvador\/wp-json\/wp\/v2\/pages\/6\/revisions"}],"predecessor-version":[{"id":765,"href":"https:\/\/prointelseguros.com\/elsalvador\/wp-json\/wp\/v2\/pages\/6\/revisions\/765"}],"wp:attachment":[{"href":"https:\/\/prointelseguros.com\/elsalvador\/wp-json\/wp\/v2\/media?parent=6"}],"curies":[{"name":"wp","href":"https:\/\/api.w.org\/{rel}","templated":true}]}}